{"id":52485,"date":"2026-03-01T19:53:30","date_gmt":"2026-03-01T19:53:30","guid":{"rendered":"https:\/\/www.albia.se\/?page_id=52485"},"modified":"2026-03-01T20:36:02","modified_gmt":"2026-03-01T20:36:02","slug":"it","status":"publish","type":"page","link":"https:\/\/www.albia.se\/en\/it\/","title":{"rendered":"IT"},"content":{"rendered":"<div data-elementor-type=\"wp-page\" data-elementor-id=\"52485\" class=\"elementor elementor-52485\">\n\t\t\t\t<div class=\"elementor-element elementor-element-23285ba e-con-full e-flex e-con e-parent\" data-id=\"23285ba\" data-element_type=\"container\">\n\t\t<div class=\"elementor-element elementor-element-ac1ba1c e-flex e-con-boxed e-con e-child\" data-id=\"ac1ba1c\" data-element_type=\"container\" data-settings=\"{&quot;background_background&quot;:&quot;video&quot;,&quot;background_video_link&quot;:&quot;https:\\\/\\\/www.albia.se\\\/wp-content\\\/\\\/2025\\\/08\\\/Timeline-1.mp4&quot;,&quot;background_video_start&quot;:3,&quot;background_play_on_mobile&quot;:&quot;yes&quot;}\">\n\t\t\t\t\t<div class=\"e-con-inner\">\n\t\t<div class=\"elementor-background-video-container\">\n\t\t\t\t\t\t\t<video class=\"elementor-background-video-hosted elementor-html5-video\" autoplay muted playsinline loop><\/video>\n\t\t\t\t\t<\/div>\t\t<div class=\"elementor-element elementor-element-40d34ed elementor-headline--style-rotate elementor-widget elementor-widget-animated-headline\" data-id=\"40d34ed\" data-element_type=\"widget\" data-settings=\"{&quot;headline_style&quot;:&quot;rotate&quot;,&quot;animation_type&quot;:&quot;swirl&quot;,&quot;rotating_text&quot;:&quot;Support\\nMicrosoft 365\\nH\\u00e5rdvara\\n&quot;,&quot;loop&quot;:&quot;yes&quot;,&quot;rotate_iteration_delay&quot;:2500}\" data-widget_type=\"animated-headline.default\">\n\t\t\t\t<div class=\"elementor-widget-container\">\n\t\t\t\t\t<h1 class=\"elementor-headline elementor-headline-animation-type-swirl elementor-headline-letters\">\n\t\t\t\t\t<span class=\"elementor-headline-plain-text elementor-headline-text-wrapper\">IT \/ <\/span>\n\t\t\t\t<span class=\"elementor-headline-dynamic-wrapper elementor-headline-text-wrapper\">\n\t\t\t\t\t<span class=\"elementor-headline-dynamic-text elementor-headline-text-active\">\n\t\t\t\tSupport\t\t\t<\/span>\n\t\t\t\t\t<span class=\"elementor-headline-dynamic-text\">\n\t\t\t\tMicrosoft&nbsp;365\t\t\t<\/span>\n\t\t\t\t\t<span class=\"elementor-headline-dynamic-text\">\n\t\t\t\tH\u00e5rdvara\t\t\t<\/span>\n\t\t\t\t\t<span class=\"elementor-headline-dynamic-text\">\n\t\t\t\t\t\t\t<\/span>\n\t\t\t\t\t\t<\/span>\n\t\t\t\t<\/h1>\n\t\t\t\t<\/div>\n\t\t\t\t<\/div>\n\t\t\t\t<div class=\"elementor-element elementor-element-180c7a6 elementor-widget__width-initial elementor-widget elementor-widget-heading\" data-id=\"180c7a6\" data-element_type=\"widget\" data-widget_type=\"heading.default\">\n\t\t\t\t<div class=\"elementor-widget-container\">\n\t\t\t<h2 class=\"elementor-heading-title elementor-size-default\">Allt ni beh\u00f6ver f\u00f6r en trygg och effektiv IT-milj\u00f6, samlat hos en lokal partner.<\/h2>\t\t<\/div>\n\t\t\t\t<\/div>\n\t\t<div class=\"elementor-element elementor-element-c5ddd79 e-con-full e-flex e-con e-child\" data-id=\"c5ddd79\" data-element_type=\"container\">\n\t\t\t\t<div class=\"elementor-element elementor-element-d8110c5 elementor-widget elementor-widget-button\" data-id=\"d8110c5\" data-element_type=\"widget\" data-widget_type=\"button.default\">\n\t\t\t\t<div class=\"elementor-widget-container\">\n\t\t\t\t\t\t\t<div class=\"elementor-button-wrapper\">\n\t\t\t\t\t<a class=\"elementor-button elementor-button-link elementor-size-sm\" href=\"#elementor-action:action=popup:open&settings=eyJpZCI6IjQ5Nzc4IiwidG9nZ2xlIjpmYWxzZX0=\">\n\t\t\t\t\t\t<span class=\"elementor-button-content-wrapper\">\n\t\t\t\t\t\t\t\t\t<span class=\"elementor-button-text\">Kontakta oss<\/span>\n\t\t\t\t\t<\/span>\n\t\t\t\t\t<\/a>\n\t\t\t\t<\/div>\n\t\t\t\t\t\t<\/div>\n\t\t\t\t<\/div>\n\t\t\t\t<\/div>\n\t\t\t\t\t<\/div>\n\t\t\t\t<\/div>\n\t\t\t\t<\/div>\n\t\t<div class=\"elementor-element elementor-element-7f0aa0b e-flex e-con-boxed e-con e-parent\" data-id=\"7f0aa0b\" data-element_type=\"container\" data-settings=\"{&quot;background_background&quot;:&quot;classic&quot;}\">\n\t\t\t\t\t<div class=\"e-con-inner\">\n\t\t<div class=\"elementor-element elementor-element-4b49fc6 e-con-full e-flex e-con e-child\" data-id=\"4b49fc6\" data-element_type=\"container\">\n\t\t\t\t<div class=\"elementor-element elementor-element-b69940a elementor-widget elementor-widget-heading\" data-id=\"b69940a\" data-element_type=\"widget\" data-widget_type=\"heading.default\">\n\t\t\t\t<div class=\"elementor-widget-container\">\n\t\t\t<h3 class=\"elementor-heading-title elementor-size-default\">Vi \u00e4r ett samtal bort<\/h3>\t\t<\/div>\n\t\t\t\t<\/div>\n\t\t\t\t<div class=\"elementor-element elementor-element-9812a1a elementor-widget elementor-widget-heading\" data-id=\"9812a1a\" data-element_type=\"widget\" data-widget_type=\"heading.default\">\n\t\t\t\t<div class=\"elementor-widget-container\">\n\t\t\t<h3 class=\"elementor-heading-title elementor-size-default\">Support n\u00e4ra till hands<\/h3>\t\t<\/div>\n\t\t\t\t<\/div>\n\t\t\t\t<div class=\"elementor-element elementor-element-2c3c7d7 elementor-widget elementor-widget-heading\" data-id=\"2c3c7d7\" data-element_type=\"widget\" data-widget_type=\"heading.default\">\n\t\t\t\t<div class=\"elementor-widget-container\">\n\t\t\t<p class=\"elementor-heading-title elementor-size-default\">V\u00e5r IT-support \u00e4r anpassad f\u00f6r sm\u00e5 och medelstora f\u00f6retag. Vi hj\u00e4lper er b\u00e5de p\u00e5 plats och p\u00e5 distans, men i de flesta fall l\u00f6ser vi \u00e4renden smidigt via fj\u00e4rrstyrning. Ni n\u00e5r oss via telefon och e-post. I telefon svarar vi oftast inom en minut. Det mesta l\u00f6ser sig redan i telefonen, vilket g\u00f6r att ni slipper l\u00e5ngsam och frustrerande \u00e4rendehantering. <\/p>\t\t<\/div>\n\t\t\t\t<\/div>\n\t\t\t\t<\/div>\n\t\t\t\t<div class=\"elementor-element elementor-element-a5c832f elementor-widget__width-initial elementor-widget elementor-widget-image\" data-id=\"a5c832f\" data-element_type=\"widget\" data-widget_type=\"image.default\">\n\t\t\t\t<div class=\"elementor-widget-container\">\n\t\t\t\t\t\t\t\t\t\t\t\t\t<img fetchpriority=\"high\" decoding=\"async\" width=\"768\" height=\"512\" src=\"https:\/\/www.albia.se\/wp-content\/uploads\/2026\/03\/Albin-pekar-2.png\" class=\"attachment-medium_large size-medium_large wp-image-52504\" alt=\"Albin Pekar 2\" \/>\t\t\t\t\t\t\t\t\t\t\t\t\t<\/div>\n\t\t\t\t<\/div>\n\t\t\t\t\t<\/div>\n\t\t\t\t<\/div>\n\t\t<div class=\"elementor-element elementor-element-253f896 elementor-hidden-tablet elementor-hidden-mobile e-flex e-con-boxed e-con e-parent\" data-id=\"253f896\" data-element_type=\"container\" data-settings=\"{&quot;background_background&quot;:&quot;classic&quot;}\">\n\t\t\t\t\t<div class=\"e-con-inner\">\n\t\t\t\t<div class=\"elementor-element elementor-element-f48ab2b elementor-widget__width-initial elementor-widget elementor-widget-image\" data-id=\"f48ab2b\" data-element_type=\"widget\" data-widget_type=\"image.default\">\n\t\t\t\t<div class=\"elementor-widget-container\">\n\t\t\t\t\t\t\t\t\t\t\t\t\t<img decoding=\"async\" width=\"768\" height=\"432\" src=\"https:\/\/www.albia.se\/wp-content\/uploads\/2024\/11\/DSC00929-768x432.jpg\" class=\"attachment-medium_large size-medium_large wp-image-51238\" alt=\"Dsc00929\" srcset=\"https:\/\/www.albia.se\/wp-content\/uploads\/2024\/11\/DSC00929-768x432.jpg 768w, https:\/\/www.albia.se\/wp-content\/uploads\/2024\/11\/DSC00929-300x169.jpg 300w, https:\/\/www.albia.se\/wp-content\/uploads\/2024\/11\/DSC00929-1024x576.jpg 1024w, https:\/\/www.albia.se\/wp-content\/uploads\/2024\/11\/DSC00929-1536x865.jpg 1536w, https:\/\/www.albia.se\/wp-content\/uploads\/2024\/11\/DSC00929-2048x1153.jpg 2048w, https:\/\/www.albia.se\/wp-content\/uploads\/2024\/11\/DSC00929-18x10.jpg 18w\" sizes=\"(max-width: 768px) 100vw, 768px\" \/>\t\t\t\t\t\t\t\t\t\t\t\t\t<\/div>\n\t\t\t\t<\/div>\n\t\t<div class=\"elementor-element elementor-element-d05aa73 e-con-full e-flex e-con e-child\" data-id=\"d05aa73\" data-element_type=\"container\">\n\t\t\t\t<div class=\"elementor-element elementor-element-dd1b994 elementor-widget elementor-widget-heading\" data-id=\"dd1b994\" data-element_type=\"widget\" data-widget_type=\"heading.default\">\n\t\t\t\t<div class=\"elementor-widget-container\">\n\t\t\t<h3 class=\"elementor-heading-title elementor-size-default\">Helhetsleverant\u00f6r inom IT<\/h3>\t\t<\/div>\n\t\t\t\t<\/div>\n\t\t\t\t<div class=\"elementor-element elementor-element-938a78a elementor-widget elementor-widget-heading\" data-id=\"938a78a\" data-element_type=\"widget\" data-widget_type=\"heading.default\">\n\t\t\t\t<div class=\"elementor-widget-container\">\n\t\t\t<h3 class=\"elementor-heading-title elementor-size-default\">Enkla l\u00f6sningar f\u00f6r datorer och licenser<\/h3>\t\t<\/div>\n\t\t\t\t<\/div>\n\t\t\t\t<div class=\"elementor-element elementor-element-22e9922 elementor-widget elementor-widget-heading\" data-id=\"22e9922\" data-element_type=\"widget\" data-widget_type=\"heading.default\">\n\t\t\t\t<div class=\"elementor-widget-container\">\n\t\t\t<p class=\"elementor-heading-title elementor-size-default\">Vi hj\u00e4lper f\u00f6retag med hela eller delar av deras IT-milj\u00f6. Det kan handla om allt fr\u00e5n ink\u00f6p av nya datorer och Microsoft 365 till n\u00e4tverk, telefoni, r\u00e5dgivning och konsulttj\u00e4nster. Med oss f\u00e5r ni en partner som kan ta ansvar f\u00f6r helheten eller st\u00f6tta d\u00e4r behovet finns. Vi har partneravtal med bland andra Lenovo, HP och Microsoft. <\/p>\t\t<\/div>\n\t\t\t\t<\/div>\n\t\t\t\t<\/div>\n\t\t\t\t\t<\/div>\n\t\t\t\t<\/div>\n\t\t<div class=\"elementor-element elementor-element-91dfe89 e-flex e-con-boxed e-con e-parent\" data-id=\"91dfe89\" data-element_type=\"container\" data-settings=\"{&quot;background_background&quot;:&quot;classic&quot;}\">\n\t\t\t\t\t<div class=\"e-con-inner\">\n\t\t<div class=\"elementor-element elementor-element-171ca13 e-con-full e-flex e-con e-child\" data-id=\"171ca13\" data-element_type=\"container\">\n\t\t\t\t<div class=\"elementor-element elementor-element-6dfc6c3 elementor-widget elementor-widget-menu-anchor\" data-id=\"6dfc6c3\" data-element_type=\"widget\" data-widget_type=\"menu-anchor.default\">\n\t\t\t\t<div class=\"elementor-widget-container\">\n\t\t\t\t\t<div class=\"elementor-menu-anchor\" id=\"Nyheter\"><\/div>\n\t\t\t\t<\/div>\n\t\t\t\t<\/div>\n\t\t\t\t<div class=\"elementor-element elementor-element-2d51e7e elementor-widget elementor-widget-heading\" data-id=\"2d51e7e\" data-element_type=\"widget\" data-widget_type=\"heading.default\">\n\t\t\t\t<div class=\"elementor-widget-container\">\n\t\t\t<h3 class=\"elementor-heading-title elementor-size-default\">Kundcase<\/h3>\t\t<\/div>\n\t\t\t\t<\/div>\n\t\t\t\t<div class=\"elementor-element elementor-element-ee6c338 elementor-widget elementor-widget-heading\" data-id=\"ee6c338\" data-element_type=\"widget\" data-widget_type=\"heading.default\">\n\t\t\t\t<div class=\"elementor-widget-container\">\n\t\t\t<h4 class=\"elementor-heading-title elementor-size-default\">F\u00f6lj med i v\u00e5ra p\u00e5g\u00e5ende leveranser och projekt<\/h4>\t\t<\/div>\n\t\t\t\t<\/div>\n\t\t\t\t<div class=\"elementor-element elementor-element-a04aa8d elementor-grid-3 elementor-grid-tablet-2 elementor-grid-mobile-1 elementor-posts--thumbnail-top elementor-widget elementor-widget-posts\" data-id=\"a04aa8d\" data-element_type=\"widget\" data-settings=\"{&quot;classic_columns&quot;:&quot;3&quot;,&quot;classic_columns_tablet&quot;:&quot;2&quot;,&quot;classic_columns_mobile&quot;:&quot;1&quot;,&quot;classic_row_gap&quot;:{&quot;unit&quot;:&quot;px&quot;,&quot;size&quot;:35,&quot;sizes&quot;:[]},&quot;classic_row_gap_tablet&quot;:{&quot;unit&quot;:&quot;px&quot;,&quot;size&quot;:&quot;&quot;,&quot;sizes&quot;:[]},&quot;classic_row_gap_mobile&quot;:{&quot;unit&quot;:&quot;px&quot;,&quot;size&quot;:&quot;&quot;,&quot;sizes&quot;:[]}}\" data-widget_type=\"posts.classic\">\n\t\t\t\t<div class=\"elementor-widget-container\">\n\t\t\t\t\t<div class=\"elementor-posts-container elementor-posts elementor-posts--skin-classic elementor-grid\">\n\t\t\t\t<article class=\"elementor-post elementor-grid-item post-52370 post type-post status-publish format-standard has-post-thumbnail hentry category-uncategorized\">\n\t\t\t\t<a class=\"elementor-post__thumbnail__link\" href=\"https:\/\/www.albia.se\/en\/uncategorized\/anvandarvanlig-plattform-for-miljodiplomering-at-miljostrategen\/\" >\n\t\t\t<div class=\"elementor-post__thumbnail\"><img decoding=\"async\" width=\"768\" height=\"512\" src=\"https:\/\/www.albia.se\/wp-content\/uploads\/2024\/10\/miljostrategen-7v0a8972-768x512.jpg\" class=\"attachment-medium_large size-medium_large wp-image-50808\" alt=\"Milj\u00f6strategen\" srcset=\"https:\/\/www.albia.se\/wp-content\/uploads\/2024\/10\/miljostrategen-7v0a8972-768x512.jpg 768w, https:\/\/www.albia.se\/wp-content\/uploads\/2024\/10\/miljostrategen-7v0a8972-300x200.jpg 300w, https:\/\/www.albia.se\/wp-content\/uploads\/2024\/10\/miljostrategen-7v0a8972-1024x683.jpg 1024w, https:\/\/www.albia.se\/wp-content\/uploads\/2024\/10\/miljostrategen-7v0a8972-1536x1025.jpg 1536w, https:\/\/www.albia.se\/wp-content\/uploads\/2024\/10\/miljostrategen-7v0a8972-2048x1366.jpg 2048w\" sizes=\"(max-width: 768px) 100vw, 768px\" \/><\/div>\n\t\t<\/a>\n\t\t\t\t<div class=\"elementor-post__text\">\n\t\t\t\t<h3 class=\"elementor-post__title\">\n\t\t\t<a href=\"https:\/\/www.albia.se\/en\/uncategorized\/anvandarvanlig-plattform-for-miljodiplomering-at-miljostrategen\/\" >\n\t\t\t\tAnv\u00e4ndarv\u00e4nlig plattform f\u00f6r milj\u00f6diplomering \u00e5t Milj\u00f6strategen\t\t\t<\/a>\n\t\t<\/h3>\n\t\t\t\t<div class=\"elementor-post__meta-data\">\n\t\t\t\t\t<span class=\"elementor-post-date\">\n\t\t\t9 December 2025\t\t<\/span>\n\t\t\t\t<\/div>\n\t\t\t\t<div class=\"elementor-post__excerpt\">\n\t\t\t<p>N\u00e4r diplomeringarna blev fler kom ocks\u00e5 utmaningar med delning av dokument och utbildningsmaterial till betalande kunder. Tillsammans med Milj\u00f6strategen i J\u00f6nk\u00f6ping s\u00e5g vi del att deras kunder enkelt kan h\u00e4mta<\/p>\n\t\t<\/div>\n\t\t\t\t<\/div>\n\t\t\t\t<\/article>\n\t\t\t\t<article class=\"elementor-post elementor-grid-item post-52348 post type-post status-publish format-standard has-post-thumbnail hentry category-uncategorized\">\n\t\t\t\t<a class=\"elementor-post__thumbnail__link\" href=\"https:\/\/www.albia.se\/en\/uncategorized\/windows-10-upphor-med-uppdateringar-sa-paverkas-ditt-foretag-nar-windows-11-tar-over\/\" >\n\t\t\t<div class=\"elementor-post__thumbnail\"><img loading=\"lazy\" decoding=\"async\" width=\"768\" height=\"512\" src=\"https:\/\/www.albia.se\/wp-content\/uploads\/2025\/11\/pexels-altabena-10142683.jpg\" class=\"attachment-medium_large size-medium_large wp-image-52350\" alt=\"Pexels Altabena 10142683\" \/><\/div>\n\t\t<\/a>\n\t\t\t\t<div class=\"elementor-post__text\">\n\t\t\t\t<h3 class=\"elementor-post__title\">\n\t\t\t<a href=\"https:\/\/www.albia.se\/en\/uncategorized\/windows-10-upphor-med-uppdateringar-sa-paverkas-ditt-foretag-nar-windows-11-tar-over\/\" >\n\t\t\t\tWindows 10 upph\u00f6r med uppdateringar \u2013 s\u00e5 p\u00e5verkas ditt f\u00f6retag n\u00e4r Windows 11 tar \u00f6ver\t\t\t<\/a>\n\t\t<\/h3>\n\t\t\t\t<div class=\"elementor-post__meta-data\">\n\t\t\t\t\t<span class=\"elementor-post-date\">\n\t\t\t19 November 2025\t\t<\/span>\n\t\t\t\t<\/div>\n\t\t\t\t<div class=\"elementor-post__excerpt\">\n\t\t\t<p>Microsoft meddelar att supporten f\u00f6r Windows 10 officiellt upph\u00f6r den 14 oktober 2025. Det betyder att inga fler s\u00e4kerhetsuppdateringar, funktionsf\u00f6rb\u00e4ttringar eller teknisk support kommer att ges f\u00f6r Windows 10-enheter. F\u00f6r<\/p>\n\t\t<\/div>\n\t\t\t\t<\/div>\n\t\t\t\t<\/article>\n\t\t\t\t<\/div>\n\n\n\t\t\n\t\t\t\t<\/div>\n\t\t\t\t<\/div>\n\t\t\t\t<div class=\"elementor-element elementor-element-b78552c elementor-grid-2 elementor-posts--thumbnail-top elementor-grid-tablet-2 elementor-grid-mobile-1 elementor-widget elementor-widget-posts\" data-id=\"b78552c\" data-element_type=\"widget\" data-settings=\"{&quot;custom_columns&quot;:&quot;2&quot;,&quot;custom_columns_tablet&quot;:&quot;2&quot;,&quot;custom_columns_mobile&quot;:&quot;1&quot;,&quot;custom_row_gap&quot;:{&quot;unit&quot;:&quot;px&quot;,&quot;size&quot;:35,&quot;sizes&quot;:[]},&quot;custom_row_gap_tablet&quot;:{&quot;unit&quot;:&quot;px&quot;,&quot;size&quot;:&quot;&quot;,&quot;sizes&quot;:[]},&quot;custom_row_gap_mobile&quot;:{&quot;unit&quot;:&quot;px&quot;,&quot;size&quot;:&quot;&quot;,&quot;sizes&quot;:[]}}\" data-widget_type=\"posts.custom\">\n\t\t\t\t<div class=\"elementor-widget-container\">\n\t\t\t      <div class=\"ecs-posts elementor-posts-container elementor-posts   elementor-grid elementor-posts--skin-custom\" data-settings=\"{&quot;current_page&quot;:1,&quot;max_num_pages&quot;:0,&quot;load_method&quot;:&quot;&quot;,&quot;widget_id&quot;:&quot;b78552c&quot;,&quot;post_id&quot;:52348,&quot;theme_id&quot;:52485,&quot;change_url&quot;:false,&quot;reinit_js&quot;:false}\">\n      <div class=\"elementor-posts-nothing-found\"><\/div>\t\t<\/div>\n\t\t\t\t<\/div>\n\t\t\t\t<\/div>\n\t\t\t\t<\/div>\n\t\t\t\t\t<\/div>\n\t\t\t\t<\/div>\n\t\t<div class=\"elementor-element elementor-element-f8c455d e-flex e-con-boxed e-con e-parent\" data-id=\"f8c455d\" data-element_type=\"container\" data-settings=\"{&quot;background_background&quot;:&quot;classic&quot;}\">\n\t\t\t\t\t<div class=\"e-con-inner\">\n\t\t<div class=\"elementor-element elementor-element-083e1c6 e-con-full e-flex e-con e-child\" data-id=\"083e1c6\" data-element_type=\"container\">\n\t\t\t\t<div class=\"elementor-element elementor-element-e4ef34a elementor-widget elementor-widget-heading\" data-id=\"e4ef34a\" data-element_type=\"widget\" data-widget_type=\"heading.default\">\n\t\t\t\t<div class=\"elementor-widget-container\">\n\t\t\t<h3 class=\"elementor-heading-title elementor-size-default\">En kort sammanfattning om vad vi erbjuder<\/h3>\t\t<\/div>\n\t\t\t\t<\/div>\n\t\t\t\t<div class=\"elementor-element elementor-element-cfb7682 elementor-widget elementor-widget-heading\" data-id=\"cfb7682\" data-element_type=\"widget\" data-widget_type=\"heading.default\">\n\t\t\t\t<div class=\"elementor-widget-container\">\n\t\t\t<p class=\"elementor-heading-title elementor-size-default\">Albia \u00e4r ett IT-f\u00f6retag i J\u00f6nk\u00f6ping som erbjuder IT-tj\u00e4nster f\u00f6r sm\u00e5 och medelstora f\u00f6retag i regionen. Vi hj\u00e4lper f\u00f6retag med allt fr\u00e5n datorer och arbetsplatser till Microsoft 365, n\u00e4tverk och r\u00e5dgivning kring f\u00f6retags-IT. Genom att kombinera h\u00e5rdvara, molntj\u00e4nster och konsulttj\u00e4nster kan vi leverera stabila och l\u00e5ngsiktiga IT-l\u00f6sningar som fungerar i praktiken.\n\nSom lokal IT-leverant\u00f6r i J\u00f6nk\u00f6ping arbetar vi n\u00e4ra v\u00e5ra kunder och hj\u00e4lper f\u00f6retag att utveckla, modernisera och f\u00f6renkla sin IT-milj\u00f6. Vi levererar b\u00e5de nya och begagnade datorer, implementerar Microsoft 365 och hj\u00e4lper f\u00f6retag att bygga s\u00e4kra och effektiva n\u00e4tverk. Oavsett om ni beh\u00f6ver hj\u00e4lp med en enskild del av er IT eller en helhetsl\u00f6sning kan Albia fungera som er IT-partner i J\u00f6nk\u00f6ping.<\/p>\t\t<\/div>\n\t\t\t\t<\/div>\n\t\t\t\t<\/div>\n\t\t\t\t\t<\/div>\n\t\t\t\t<\/div>\n\t\t\t\t<\/div>","protected":false},"excerpt":{"rendered":"<p>IT \/ Support Microsoft&nbsp;365 H\u00e5rdvara Allt ni beh\u00f6ver f\u00f6r en trygg och effektiv IT-milj\u00f6, samlat hos en lokal partner. Kontakta oss Vi \u00e4r ett samtal bort Support n\u00e4ra till hands V\u00e5r IT-support \u00e4r anpassad f\u00f6r sm\u00e5 och medelstora f\u00f6retag. Vi hj\u00e4lper er b\u00e5de p\u00e5 plats och p\u00e5 distans, men i de flesta fall l\u00f6ser vi [&hellip;]<\/p>","protected":false},"author":1,"featured_media":0,"parent":0,"menu_order":0,"comment_status":"closed","ping_status":"closed","template":"","meta":{"_acf_changed":false,"content-type":"","om_disable_all_campaigns":false,"_monsterinsights_skip_tracking":false,"_monsterinsights_sitenote_active":false,"_monsterinsights_sitenote_note":"","_monsterinsights_sitenote_category":0,"slim_seo":{"title":"Albia \u2013 IT-partner i J\u00f6nk\u00f6ping | Support, Microsoft 365 & n\u00e4tverk","description":"Albia Sweden AB erbjuder IT-support, n\u00e4tverk, Microsoft 365 och konsultation f\u00f6r sm\u00e5 och medelstora f\u00f6retag. Din personliga IT-partner i J\u00f6nk\u00f6ping \u2013 alltid snabb hj\u00e4lp och bred kompetens."},"footnotes":""},"class_list":["post-52485","page","type-page","status-publish","hentry"],"acf":[],"_links":{"self":[{"href":"https:\/\/www.albia.se\/en\/wp-json\/wp\/v2\/pages\/52485"}],"collection":[{"href":"https:\/\/www.albia.se\/en\/wp-json\/wp\/v2\/pages"}],"about":[{"href":"https:\/\/www.albia.se\/en\/wp-json\/wp\/v2\/types\/page"}],"author":[{"embeddable":true,"href":"https:\/\/www.albia.se\/en\/wp-json\/wp\/v2\/users\/1"}],"replies":[{"embeddable":true,"href":"https:\/\/www.albia.se\/en\/wp-json\/wp\/v2\/comments?post=52485"}],"version-history":[{"count":25,"href":"https:\/\/www.albia.se\/en\/wp-json\/wp\/v2\/pages\/52485\/revisions"}],"predecessor-version":[{"id":52522,"href":"https:\/\/www.albia.se\/en\/wp-json\/wp\/v2\/pages\/52485\/revisions\/52522"}],"wp:attachment":[{"href":"https:\/\/www.albia.se\/en\/wp-json\/wp\/v2\/media?parent=52485"}],"curies":[{"name":"wp","href":"https:\/\/api.w.org\/{rel}","templated":true}]}}